{"id":9289,"date":"2023-01-30T23:34:49","date_gmt":"2023-01-30T23:34:49","guid":{"rendered":"https:\/\/totalcustoms.ca\/?page_id=9289"},"modified":"2024-10-28T04:35:10","modified_gmt":"2024-10-28T04:35:10","slug":"contact","status":"publish","type":"page","link":"https:\/\/totalcustoms.ca\/en\/contact\/","title":{"rendered":"Contact Us"},"content":{"rendered":"<section data-row-bg=\"https:\/\/gridportfolio.liquid-themes.com\/staging\/wp-content\/uploads\/2021\/03\/glow-figss.svg?id=4868\" style=\"background-position:center center !important;\" data-bg-image=\"url\" class=\"vc_row vc_custom_1614937207357 liquid-row-shadowbox-69d67c235cdcd vc_row-has-fill vc_row-has-bg lqd-has-bg-markup row-bg-appended vc_row-o-full-height\"><span class=\"row-bg-loader\"><\/span><div class=\"row-bg-wrap\">\n\t\t<div class=\"row-bg-inner\">\n\t\t\t<figure class=\"row-bg\" ><\/figure>\n\t\t<\/div>\n\t<\/div><div class=\"ld-container container\"><div class=\"row ld-row ld-row-outer vc_row-no-column-align vc_row-o-content-middle vc_row-flex\"><div class=\"wpb_column vc_column_container vc_col-sm-12 vc_col-md-6 text-left liquid-column-69d67c235d57c\"><div class=\"vc_column-inner  vc_custom_1614944108586\" ><div class=\"wpb_wrapper\"  data-custom-animations=\"true\" data-ca-options='{\"triggerHandler\":\"inview\",\"animationTarget\":\"all-childs\",\"duration\":\"1800\",\"delay\":\"180\",\"ease\":\"power4.out\",\"direction\":\"forward\",\"initValues\":{\"y\":60,\"transformOriginX\":50,\"transformOriginY\":50,\"transformOriginZ\":\"0px\",\"opacity\":0},\"animations\":{\"y\":0,\"transformOriginX\":50,\"transformOriginY\":50,\"transformOriginZ\":\"0px\",\"opacity\":1}}'><div class=\"ld-particles-container lqd-particles-as-bg ld_particles_69d67c235d7ba\">\n\n\t<div class=\"ld-particles-inner\" id=\"lqd-1614867775326-30fedaf3-eca4\" data-particles=\"true\" data-particles-options='{\"particles\":{\"number\":{\"value\":7},\"color\":{\"value\":[\"#ea48d5\",\"#bde89d\",\"#a2eff2\",\"#fd6059\"]},\"shape\":{\"type\":[\"circle\"]},\"size\":{\"value\":4},\"move\":{\"out_mode\":\"out\"}},\"interactivity\":{\"events\":{\"onclick\":{\"enable\":true,\"mode\":[\"bubble\"]}}},\"retina_detect\":true,\"asBG\":true}'><\/div>\t\n\n<\/div><!-- \/.particles --><style>.ld_fancy_heading_69d67c235ec65 h1 {font-size:40px; } @media (min-width: 992px) { .ld_fancy_heading_69d67c235ec65 h1 {font-size:72px; }  } .ld_fancy_heading_69d67c235ec65 .lqd-highlight-inner{height:0.275em!important;bottom:0px!important;}.ld_fancy_heading_69d67c235ec65 h1 {font-size:40px; } @media (min-width: 992px) { .ld_fancy_heading_69d67c235ec65 h1 {font-size:72px; }  } <\/style><div class=\"ld-fancy-heading ld_fancy_heading_69d67c235ec65\">\n\t<h1 class=\"ld-fh-element lqd-highlight-underline lqd-highlight-grow-left text-decoration-default\"   >  Vous avez du fret\u270c\ufe0f \u00e0 d\u00e9placer?<\/h1><\/div><style>.ld_fancy_heading_69d67c23601b2 h5{color:rgba(0, 0, 0, 0.66);}.ld_fancy_heading_69d67c23601b2 h5 {font-size:18px; } @media (min-width: 992px) { .ld_fancy_heading_69d67c23601b2 h5 {font-size:21px; }  } .ld_fancy_heading_69d67c23601b2 h5 {line-height:1.5em; } .ld_fancy_heading_69d67c23601b2 h5 {--element-line-height:1.5em; } .ld_fancy_heading_69d67c23601b2 h5 {margin-bottom:1em !important;  } @media (min-width: 992px) { .ld_fancy_heading_69d67c23601b2 h5 {margin-bottom:2em !important;  }  } .ld_fancy_heading_69d67c23601b2 .lqd-highlight-inner{height:0.275em!important;bottom:0px!important;}.ld_fancy_heading_69d67c23601b2 h5 {font-size:18px; } @media (min-width: 992px) { .ld_fancy_heading_69d67c23601b2 h5 {font-size:21px; }  } .ld_fancy_heading_69d67c23601b2 h5 {line-height:1.5em; } .ld_fancy_heading_69d67c23601b2 h5 {--element-line-height:1.5em; } .ld_fancy_heading_69d67c23601b2 h5 {margin-bottom:1em !important;  } @media (min-width: 992px) { .ld_fancy_heading_69d67c23601b2 h5 {margin-bottom:2em !important;  }  } <\/style><div class=\"ld-fancy-heading ld_fancy_heading_69d67c23601b2\">\n\t<h5 class=\"ld-fh-element lqd-highlight-underline lqd-highlight-grow-left text-decoration-default\"   >  Envoyez un courriel \u00e0 info@totalcustoms.ca et un sp\u00e9cialiste de TCS vous contactera pour vous fournir un devis.<\/h5><\/div><\/div><\/div><\/div><style>@media (min-width: 768px) { .liquid-column-responsive-69d67c23612e2 > .vc_column-inner {padding-right:50px !important; padding-left:50px !important;  }  } @media (min-width: 992px) { .liquid-column-responsive-69d67c23612e2 > .vc_column-inner {margin-top:-65px !important; padding-bottom:20px !important;  }  } .liquid-column-69d67c23612df > .vc_column-inner { box-shadow:}<\/style><div class=\"wpb_column vc_column_container vc_col-sm-12 vc_col-md-offset-1 vc_col-md-5 text-center text-md-left liquid-column-69d67c23612df liquid-column-responsive-69d67c23612e2 vc_col-has-fill\"><div class=\"vc_column-inner  vc_custom_1614947530323\" ><div class=\"wpb_wrapper\"  data-custom-animations=\"true\" data-ca-options='{\"triggerHandler\":\"inview\",\"animationTarget\":\"all-childs\",\"duration\":\"1800\",\"startDelay\":\"250\",\"delay\":\"180\",\"ease\":\"power4.out\",\"direction\":\"forward\",\"initValues\":{\"y\":35,\"transformOriginX\":50,\"transformOriginY\":50,\"transformOriginZ\":\"0px\",\"opacity\":0},\"animations\":{\"y\":0,\"transformOriginX\":50,\"transformOriginY\":50,\"transformOriginZ\":\"0px\",\"opacity\":1}}'><style>.ld_icon_box_69d67c23615c2 .iconbox-icon-container{color:rgb(132, 245, 176);font-size:28px;border-radius:px;}.ld_icon_box_69d67c23615c2 .lqd-iconbox-title{margin-bottom:px;font-size:14px;}<\/style>\n<div class=\"iconbox iconbox-inline text-align-default ld_icon_box_69d67c23615c2\" id=\"ld_icon_box_69d67c23615c2\"  data-animate-icon=\"true\" data-plugin-options='{\"color\":\"rgb(132, 245, 176)\"}'  >\n\t\n\t\t\t\t\t\n\t\n\t<div class=\"iconbox-icon-wrap\"><span class=\"iconbox-icon-container\"><i class=\"lqd-icn-ess icon-lqd-circle\"><\/i><\/span><\/div>\t\n\t<h3 class=\"lqd-iconbox-title \">End-to-End Services<\/h3>\t\n\t\t\n\t\t\n\t\t\t\t\n\t\t\n\t\n<\/div>\n<style>.ld_button_69d67c2362807.btn-icon-solid .btn-icon{background:rgb(253, 96, 89);}.ld_button_69d67c2362807.btn-icon-circle.btn-icon-ripple .btn-icon:before{border-color:rgb(255, 255, 255);}.ld_button_69d67c2362807.btn-icon-solid:hover .btn-icon{background:rgb(253, 96, 89);}.ld_button_69d67c2362807 .btn-icon{color:rgb(255, 255, 255);font-size:22px;margin-inline-start:70px !important;box-shadow:0px 13px 22px 0px rgba(10,10,10,0.17);}.ld_button_69d67c2362807:hover .btn-icon{color:rgb(255, 255, 255);}.ld_button_69d67c2362807{background-color:rgb(255, 255, 255);border-color:rgb(255, 255, 255);color:rgb(20, 20, 20);box-shadow:0px 20px 50px 0px rgba(73,76,137,0.12);}.ld_button_69d67c2362807:hover{background-color:rgba(251, 252, 255, 0.5);border-color:rgba(251, 252, 255, 0.5);color:rgb(0, 0, 0);}.ld_button_69d67c2362807 .btn-gradient-bg-hover{background:-webkit-linear-gradient(to right, rgba(251, 252, 255, 0.5) 0%, rgba(251, 252, 255, 0.5) 100%);background:linear-gradient(to right, rgba(251, 252, 255, 0.5) 0%, rgba(251, 252, 255, 0.5) 100%);}.ld_button_69d67c2362807 .btn-gradient-border defs stop:first-child{stop-color:rgb(255, 255, 255);}.ld_button_69d67c2362807 .btn-gradient-border defs stop:last-child{stop-color:rgb(255, 255, 255);}.ld_button_69d67c2362807:hover .btn-gradient-border defs stop:first-child{stop-color:rgba(251, 252, 255, 0.5);}.ld_button_69d67c2362807:hover .btn-gradient-border defs stop:last-child{stop-color:rgba(251, 252, 255, 0.5);}.ld_button_69d67c2362807 {font-size:15px; } @media (min-width: 768px) { .ld_button_69d67c2362807 {font-size:16px; }  } @media (min-width: 992px) { .ld_button_69d67c2362807 {font-size:18px; }  } @media (min-width: 1200px) { .ld_button_69d67c2362807 {font-size:25px; }  } .ld_button_69d67c2362807 {line-height:1.3em; } .ld_button_69d67c2362807 {--element-line-height:1.3em; } .ld_button_69d67c2362807 {font-weight:700; } .ld_button_69d67c2362807 {letter-spacing:0.02em; } <\/style><a href=\"mailto:%20info@totalcustoms.ca\" class=\"btn btn-solid btn-lg circle border-none btn-icon-lg btn-icon-circle btn-icon-solid btn-has-label ld_button_69d67c2362807\" >\n\t<span>\n\t\n\t\t\t\t\t<span class=\"btn-txt\" data-text=\"Contact Us Today!\" >Contact Us Today!<\/span>\n\t\t\n\t<span class=\"btn-icon\"><i class=\"lqd-icn-ess icon-lqd-pen\"><\/i><\/span>\t\t\t\t<\/span>\n<\/a>\n<\/div><\/div><\/div><\/div><\/div><\/section>\n","protected":false},"excerpt":{"rendered":"Vous avez du fret\u270c\ufe0f \u00e0 d\u00e9placer? Envoyez un courriel \u00e0 info@totalcustoms.ca et un sp\u00e9cialiste de TCS vous contactera pour vous fournir un devis. End-to-End Services Contact Us Today!","protected":false},"author":3,"featured_media":0,"parent":0,"menu_order":0,"comment_status":"closed","ping_status":"closed","template":"","meta":{"footnotes":""},"class_list":["post-9289","page","type-page","status-publish","hentry"],"yoast_head":"<!-- This site is optimized with the Yoast SEO plugin v26.9 - https:\/\/yoast.com\/product\/yoast-seo-wordpress\/ -->\n<title>Contact Us - TCS Customs &amp; Logistics<\/title>\n<meta name=\"robots\" content=\"index, follow, max-snippet:-1, max-image-preview:large, max-video-preview:-1\" \/>\n<link rel=\"canonical\" href=\"https:\/\/totalcustoms.ca\/en\/contact\/\" \/>\n<meta property=\"og:locale\" content=\"en_US\" \/>\n<meta property=\"og:type\" content=\"article\" \/>\n<meta property=\"og:title\" content=\"Contact Us - TCS Customs &amp; Logistics\" \/>\n<meta property=\"og:url\" content=\"https:\/\/totalcustoms.ca\/en\/contact\/\" \/>\n<meta property=\"og:site_name\" content=\"TCS Customs &amp; Logistics\" \/>\n<meta property=\"article:modified_time\" content=\"2024-10-28T04:35:10+00:00\" \/>\n<meta name=\"twitter:card\" content=\"summary_large_image\" \/>\n<meta name=\"twitter:label1\" content=\"Est. reading time\" \/>\n\t<meta name=\"twitter:data1\" content=\"1 minute\" \/>\n<script type=\"application\/ld+json\" class=\"yoast-schema-graph\">{\"@context\":\"https:\/\/schema.org\",\"@graph\":[{\"@type\":\"WebPage\",\"@id\":\"https:\/\/totalcustoms.ca\/contact\/\",\"url\":\"https:\/\/totalcustoms.ca\/contact\/\",\"name\":\"Contact Us - TCS Customs &amp; Logistics\",\"isPartOf\":{\"@id\":\"https:\/\/totalcustoms.ca\/#website\"},\"datePublished\":\"2023-01-30T23:34:49+00:00\",\"dateModified\":\"2024-10-28T04:35:10+00:00\",\"breadcrumb\":{\"@id\":\"https:\/\/totalcustoms.ca\/contact\/#breadcrumb\"},\"inLanguage\":\"en-CA\",\"potentialAction\":[{\"@type\":\"ReadAction\",\"target\":[\"https:\/\/totalcustoms.ca\/contact\/\"]}]},{\"@type\":\"BreadcrumbList\",\"@id\":\"https:\/\/totalcustoms.ca\/contact\/#breadcrumb\",\"itemListElement\":[{\"@type\":\"ListItem\",\"position\":1,\"name\":\"Home\",\"item\":\"https:\/\/totalcustoms.ca\/\"},{\"@type\":\"ListItem\",\"position\":2,\"name\":\"Contact Us\"}]},{\"@type\":\"WebSite\",\"@id\":\"https:\/\/totalcustoms.ca\/#website\",\"url\":\"https:\/\/totalcustoms.ca\/\",\"name\":\"TCS Customs &amp; Logistics\",\"description\":\"Moving Pieces. Delivering Peace of Mind.\",\"potentialAction\":[{\"@type\":\"SearchAction\",\"target\":{\"@type\":\"EntryPoint\",\"urlTemplate\":\"https:\/\/totalcustoms.ca\/?s={search_term_string}\"},\"query-input\":{\"@type\":\"PropertyValueSpecification\",\"valueRequired\":true,\"valueName\":\"search_term_string\"}}],\"inLanguage\":\"en-CA\"}]}<\/script>\n<!-- \/ Yoast SEO plugin. -->","yoast_head_json":{"title":"Contact Us - TCS Customs &amp; Logistics","robots":{"index":"index","follow":"follow","max-snippet":"max-snippet:-1","max-image-preview":"max-image-preview:large","max-video-preview":"max-video-preview:-1"},"canonical":"https:\/\/totalcustoms.ca\/en\/contact\/","og_locale":"en_US","og_type":"article","og_title":"Contact Us - TCS Customs &amp; Logistics","og_url":"https:\/\/totalcustoms.ca\/en\/contact\/","og_site_name":"TCS Customs &amp; Logistics","article_modified_time":"2024-10-28T04:35:10+00:00","twitter_card":"summary_large_image","twitter_misc":{"Est. reading time":"1 minute"},"schema":{"@context":"https:\/\/schema.org","@graph":[{"@type":"WebPage","@id":"https:\/\/totalcustoms.ca\/contact\/","url":"https:\/\/totalcustoms.ca\/contact\/","name":"Contact Us - TCS Customs &amp; Logistics","isPartOf":{"@id":"https:\/\/totalcustoms.ca\/#website"},"datePublished":"2023-01-30T23:34:49+00:00","dateModified":"2024-10-28T04:35:10+00:00","breadcrumb":{"@id":"https:\/\/totalcustoms.ca\/contact\/#breadcrumb"},"inLanguage":"en-CA","potentialAction":[{"@type":"ReadAction","target":["https:\/\/totalcustoms.ca\/contact\/"]}]},{"@type":"BreadcrumbList","@id":"https:\/\/totalcustoms.ca\/contact\/#breadcrumb","itemListElement":[{"@type":"ListItem","position":1,"name":"Home","item":"https:\/\/totalcustoms.ca\/"},{"@type":"ListItem","position":2,"name":"Contact Us"}]},{"@type":"WebSite","@id":"https:\/\/totalcustoms.ca\/#website","url":"https:\/\/totalcustoms.ca\/","name":"TCS Customs &amp; Logistics","description":"Moving Pieces. Delivering Peace of Mind.","potentialAction":[{"@type":"SearchAction","target":{"@type":"EntryPoint","urlTemplate":"https:\/\/totalcustoms.ca\/?s={search_term_string}"},"query-input":{"@type":"PropertyValueSpecification","valueRequired":true,"valueName":"search_term_string"}}],"inLanguage":"en-CA"}]}},"_links":{"self":[{"href":"https:\/\/totalcustoms.ca\/en\/wp-json\/wp\/v2\/pages\/9289","targetHints":{"allow":["GET"]}}],"collection":[{"href":"https:\/\/totalcustoms.ca\/en\/wp-json\/wp\/v2\/pages"}],"about":[{"href":"https:\/\/totalcustoms.ca\/en\/wp-json\/wp\/v2\/types\/page"}],"author":[{"embeddable":true,"href":"https:\/\/totalcustoms.ca\/en\/wp-json\/wp\/v2\/users\/3"}],"replies":[{"embeddable":true,"href":"https:\/\/totalcustoms.ca\/en\/wp-json\/wp\/v2\/comments?post=9289"}],"version-history":[{"count":17,"href":"https:\/\/totalcustoms.ca\/en\/wp-json\/wp\/v2\/pages\/9289\/revisions"}],"predecessor-version":[{"id":10382,"href":"https:\/\/totalcustoms.ca\/en\/wp-json\/wp\/v2\/pages\/9289\/revisions\/10382"}],"wp:attachment":[{"href":"https:\/\/totalcustoms.ca\/en\/wp-json\/wp\/v2\/media?parent=9289"}],"curies":[{"name":"wp","href":"https:\/\/api.w.org\/{rel}","templated":true}]}}